{"id":154,"date":"2023-07-31T10:57:15","date_gmt":"2023-07-31T08:57:15","guid":{"rendered":"https:\/\/dolcevita.motoridilusso.com\/?page_id=154"},"modified":"2023-07-31T11:59:59","modified_gmt":"2023-07-31T09:59:59","slug":"dolcevita-gt-lake-como-edition","status":"publish","type":"page","link":"https:\/\/dolcevita.motoridilusso.com\/?page_id=154","title":{"rendered":"DOLCEVITA GT &#8211; LAKE COMO EDITION"},"content":{"rendered":"\n<h4 class=\"wp-block-heading\"> A DAY ON THE LAKE EXPERIENCE<\/h4>\n\n\n\n<p class=\"has-text-align-left\">Una giornata per ammaliare i cinque sensi. Una giornata dedicata ai possessori di luxury-cars. Un\u2019emozione lunga un viaggio in auto lungo le strade pi\u00f9 scorrevoli e divertenti che dal cuore del glamour di Appiano Gentile si snoderanno verso uno dei punti panoramici pi\u00f9 incantevoli del lago di Como. Il tutto immerso in contesti storici e naturali che toccano la radice pi\u00f9 profonda dell\u2019animo per restare nel cuore di chi sceglier\u00e0 di passare una giornata all\u2019insegna di una grande passione da condividere: quella per l\u2019automobilismo e per le emozioni di guida. E senza farsi mancare i piaceri della cucina raffinata in una splendida e suggestiva location per concludere in bellezza una giornata che non potr\u00e0 essere dimenticata.<\/p>\n\n\n\n<h5 class=\"wp-block-heading has-base-background-color has-background\"><strong>DATA EVENTO: SABATO 30 SETTEMBRE 2023<\/strong><\/h5>\n\n\n\n<h5 class=\"wp-block-heading has-base-background-color has-background\"><strong>LE ISCRIZIONI SI CHIUDERANNO AL RAGGIUNGIMENTO DEL NUMERO MASSIMO DI PARTECIPANTI<\/strong> &#8211; <strong>TERMINE MASSIMO PER LE ISCRIZIONI: 15-09-2023<\/strong><\/h5>\n\n\n\n<p><strong>PER CHI LO DESIDERASSE, AD UN COSTO AGGIUNTIVO, \u00c8 POSSIBILE NOLEGGIARE UNA SUPERCAR CON CUI PARTECIPARE ALL&#8217;EVENTO IN LUOGO DELLA PROPRIA VETTURA. IL COSTO DI NOLEGGIO DELLA VETTURA \u00c8 DA CONSIDERARSI EXTRA RISPETTO ALLA QUOTA DI PARTECIPAZIONE. IN CASO DI INTERESSE PER QUESTA OPZIONE, SI PREGA DI INVIARE UNA E-MAIL A<\/strong>: <a rel=\"noreferrer noopener\" href=\"mailto:info@dolcevitagt.com\" target=\"_blank\">info@dolcevitagt.com<\/a><\/p>\n\n\n\n<h5 class=\"wp-block-heading has-base-background-color has-background\"><strong>PROGRAMMA DELLA GIORNATA:<\/strong><\/h5>\n\n\n\n<p>-Ritrovo ore 15:00 presso Ristorante Tarantola &#8211; Via della Resistenza, 29, 22070 Appiano Gentile (CO) (<a href=\"https:\/\/www.ristorantetarantola.it\/\" target=\"_blank\" rel=\"noreferrer noopener\">https:\/\/www.ristorantetarantola.it\/<\/a>).<\/p>\n\n\n\n<p>-Welcome e organizzazione equipaggi.<\/p>\n\n\n\n<p>-Ore 15:30: partenza equipaggi alla volta della Madonna del Ghisallo.<\/p>\n\n\n\n<p>-Esperienza di guida lungo strade panoramiche altamente guidate.<\/p>\n\n\n\n<p>-Ore 16:30: arrivo equipaggi alla Madonna del Ghisallo per sosta panoramica.<\/p>\n\n\n\n<p>-Ore 19:00: rientro presso Ristorante Tarantola per cena di chiusura evento.<\/p>\n\n\n\n<p>-Ore 23:30: ringraziamenti e fine evento.<\/p>\n\n\n\n<div style=\"height:50px\" aria-hidden=\"true\" class=\"wp-block-spacer\"><\/div>\n\n\n\n<div class=\"wp-block-group alignwide has-global-padding is-content-justification-center is-layout-constrained wp-block-group-is-layout-constrained\">\n<figure class=\"wp-block-gallery alignwide has-nested-images columns-default is-cropped wp-block-gallery-1 is-layout-flex wp-block-gallery-is-layout-flex\">\n<figure class=\"wp-block-image size-large\"><img loading=\"lazy\" decoding=\"async\" width=\"1024\" height=\"682\" data-id=\"156\" src=\"https:\/\/dolcevita.motoridilusso.com\/wp-content\/uploads\/2023\/07\/2-DRONE-1-scaled-1-1024x682.jpg\" alt=\"\" class=\"wp-image-156\" srcset=\"https:\/\/dolcevita.motoridilusso.com\/wp-content\/uploads\/2023\/07\/2-DRONE-1-scaled-1-1024x682.jpg 1024w, https:\/\/dolcevita.motoridilusso.com\/wp-content\/uploads\/2023\/07\/2-DRONE-1-scaled-1-300x200.jpg 300w, https:\/\/dolcevita.motoridilusso.com\/wp-content\/uploads\/2023\/07\/2-DRONE-1-scaled-1-768x512.jpg 768w, https:\/\/dolcevita.motoridilusso.com\/wp-content\/uploads\/2023\/07\/2-DRONE-1-scaled-1-1536x1024.jpg 1536w, https:\/\/dolcevita.motoridilusso.com\/wp-content\/uploads\/2023\/07\/2-DRONE-1-scaled-1-2048x1365.jpg 2048w\" sizes=\"auto, (max-width: 1024px) 100vw, 1024px\" \/><\/figure>\n\n\n\n<figure class=\"wp-block-image size-full\"><img loading=\"lazy\" decoding=\"async\" width=\"1000\" height=\"683\" data-id=\"157\" src=\"https:\/\/dolcevita.motoridilusso.com\/wp-content\/uploads\/2023\/07\/kes_ferrari_portofino_10.jpg\" alt=\"\" class=\"wp-image-157\" srcset=\"https:\/\/dolcevita.motoridilusso.com\/wp-content\/uploads\/2023\/07\/kes_ferrari_portofino_10.jpg 1000w, https:\/\/dolcevita.motoridilusso.com\/wp-content\/uploads\/2023\/07\/kes_ferrari_portofino_10-300x205.jpg 300w, https:\/\/dolcevita.motoridilusso.com\/wp-content\/uploads\/2023\/07\/kes_ferrari_portofino_10-768x525.jpg 768w\" sizes=\"auto, (max-width: 1000px) 100vw, 1000px\" \/><\/figure>\n\n\n\n<figure class=\"wp-block-image size-large\"><img loading=\"lazy\" decoding=\"async\" width=\"1024\" height=\"683\" data-id=\"158\" src=\"https:\/\/dolcevita.motoridilusso.com\/wp-content\/uploads\/2023\/07\/iStock-508180632-1024x683.jpg\" alt=\"\" class=\"wp-image-158\" srcset=\"https:\/\/dolcevita.motoridilusso.com\/wp-content\/uploads\/2023\/07\/iStock-508180632-1024x683.jpg 1024w, https:\/\/dolcevita.motoridilusso.com\/wp-content\/uploads\/2023\/07\/iStock-508180632-300x200.jpg 300w, https:\/\/dolcevita.motoridilusso.com\/wp-content\/uploads\/2023\/07\/iStock-508180632-768x512.jpg 768w, https:\/\/dolcevita.motoridilusso.com\/wp-content\/uploads\/2023\/07\/iStock-508180632.jpg 1254w\" sizes=\"auto, (max-width: 1024px) 100vw, 1024px\" \/><figcaption class=\"wp-element-caption\">The church of Madonna del Ghisallo in Magreglio, Italy. Pope Pius XII proclaimed the church to be the universal patroness of cyclists.<\/figcaption><\/figure>\n\n\n\n<figure class=\"wp-block-image size-large\"><img loading=\"lazy\" decoding=\"async\" width=\"1024\" height=\"478\" data-id=\"159\" src=\"https:\/\/dolcevita.motoridilusso.com\/wp-content\/uploads\/2023\/07\/lambo-lago-1024x478.jpg\" alt=\"\" class=\"wp-image-159\" srcset=\"https:\/\/dolcevita.motoridilusso.com\/wp-content\/uploads\/2023\/07\/lambo-lago-1024x478.jpg 1024w, https:\/\/dolcevita.motoridilusso.com\/wp-content\/uploads\/2023\/07\/lambo-lago-300x140.jpg 300w, https:\/\/dolcevita.motoridilusso.com\/wp-content\/uploads\/2023\/07\/lambo-lago-768x359.jpg 768w, https:\/\/dolcevita.motoridilusso.com\/wp-content\/uploads\/2023\/07\/lambo-lago-1536x718.jpg 1536w, https:\/\/dolcevita.motoridilusso.com\/wp-content\/uploads\/2023\/07\/lambo-lago.jpg 1573w\" sizes=\"auto, (max-width: 1024px) 100vw, 1024px\" \/><\/figure>\n\n\n\n<figure class=\"wp-block-image size-full\"><img loading=\"lazy\" decoding=\"async\" width=\"1000\" height=\"651\" data-id=\"160\" src=\"https:\/\/dolcevita.motoridilusso.com\/wp-content\/uploads\/2023\/07\/guida_como__1605541428.jpg\" alt=\"\" class=\"wp-image-160\" srcset=\"https:\/\/dolcevita.motoridilusso.com\/wp-content\/uploads\/2023\/07\/guida_como__1605541428.jpg 1000w, https:\/\/dolcevita.motoridilusso.com\/wp-content\/uploads\/2023\/07\/guida_como__1605541428-300x195.jpg 300w, https:\/\/dolcevita.motoridilusso.com\/wp-content\/uploads\/2023\/07\/guida_como__1605541428-768x500.jpg 768w\" sizes=\"auto, (max-width: 1000px) 100vw, 1000px\" \/><\/figure>\n\n\n\n<figure class=\"wp-block-image size-full\"><img loading=\"lazy\" decoding=\"async\" width=\"1024\" height=\"683\" data-id=\"161\" src=\"https:\/\/dolcevita.motoridilusso.com\/wp-content\/uploads\/2023\/07\/Ita125c-Lake-Como-Ferrari-Tour.jpg\" alt=\"\" class=\"wp-image-161\" srcset=\"https:\/\/dolcevita.motoridilusso.com\/wp-content\/uploads\/2023\/07\/Ita125c-Lake-Como-Ferrari-Tour.jpg 1024w, https:\/\/dolcevita.motoridilusso.com\/wp-content\/uploads\/2023\/07\/Ita125c-Lake-Como-Ferrari-Tour-300x200.jpg 300w, https:\/\/dolcevita.motoridilusso.com\/wp-content\/uploads\/2023\/07\/Ita125c-Lake-Como-Ferrari-Tour-768x512.jpg 768w\" sizes=\"auto, (max-width: 1024px) 100vw, 1024px\" \/><\/figure>\n\n\n\n<figure class=\"wp-block-image size-full\"><img loading=\"lazy\" decoding=\"async\" width=\"963\" height=\"708\" data-id=\"162\" src=\"https:\/\/dolcevita.motoridilusso.com\/wp-content\/uploads\/2023\/07\/brunate.jpg\" alt=\"\" class=\"wp-image-162\" srcset=\"https:\/\/dolcevita.motoridilusso.com\/wp-content\/uploads\/2023\/07\/brunate.jpg 963w, https:\/\/dolcevita.motoridilusso.com\/wp-content\/uploads\/2023\/07\/brunate-300x221.jpg 300w, https:\/\/dolcevita.motoridilusso.com\/wp-content\/uploads\/2023\/07\/brunate-768x565.jpg 768w\" sizes=\"auto, (max-width: 963px) 100vw, 963px\" \/><\/figure>\n\n\n\n<figure class=\"wp-block-image size-full\"><img loading=\"lazy\" decoding=\"async\" width=\"768\" height=\"443\" data-id=\"163\" src=\"https:\/\/dolcevita.motoridilusso.com\/wp-content\/uploads\/2023\/07\/4lMoYJ9ipiJ9GPv4Mdb1dL-82839ff3f20b6534de100fe46c151ae8-maserati-gran-cabrio-front-768.jpeg\" alt=\"\" class=\"wp-image-163\" srcset=\"https:\/\/dolcevita.motoridilusso.com\/wp-content\/uploads\/2023\/07\/4lMoYJ9ipiJ9GPv4Mdb1dL-82839ff3f20b6534de100fe46c151ae8-maserati-gran-cabrio-front-768.jpeg 768w, https:\/\/dolcevita.motoridilusso.com\/wp-content\/uploads\/2023\/07\/4lMoYJ9ipiJ9GPv4Mdb1dL-82839ff3f20b6534de100fe46c151ae8-maserati-gran-cabrio-front-768-300x173.jpeg 300w\" sizes=\"auto, (max-width: 768px) 100vw, 768px\" \/><\/figure>\n\n\n\n<figure class=\"wp-block-image size-large\"><img loading=\"lazy\" decoding=\"async\" width=\"1024\" height=\"683\" data-id=\"166\" src=\"https:\/\/dolcevita.motoridilusso.com\/wp-content\/uploads\/2023\/07\/vista-di-como-tappa-dell-itinerario-letterario-lake-como-poetry-way-1024x683.jpg\" alt=\"\" class=\"wp-image-166\" srcset=\"https:\/\/dolcevita.motoridilusso.com\/wp-content\/uploads\/2023\/07\/vista-di-como-tappa-dell-itinerario-letterario-lake-como-poetry-way-1024x683.jpg 1024w, https:\/\/dolcevita.motoridilusso.com\/wp-content\/uploads\/2023\/07\/vista-di-como-tappa-dell-itinerario-letterario-lake-como-poetry-way-300x200.jpg 300w, https:\/\/dolcevita.motoridilusso.com\/wp-content\/uploads\/2023\/07\/vista-di-como-tappa-dell-itinerario-letterario-lake-como-poetry-way-768x513.jpg 768w, https:\/\/dolcevita.motoridilusso.com\/wp-content\/uploads\/2023\/07\/vista-di-como-tappa-dell-itinerario-letterario-lake-como-poetry-way.jpg 1254w\" sizes=\"auto, (max-width: 1024px) 100vw, 1024px\" \/><figcaption class=\"wp-element-caption\">Como city historical town center and Alps mountains on Lake Como, Italy, in warm sunset light<\/figcaption><\/figure>\n\n\n\n<figure class=\"wp-block-image size-large\"><img loading=\"lazy\" decoding=\"async\" width=\"1024\" height=\"684\" data-id=\"164\" src=\"https:\/\/dolcevita.motoridilusso.com\/wp-content\/uploads\/2023\/07\/RISTORANTE-1-TERRAZZO--1024x684.jpg\" alt=\"\" class=\"wp-image-164\" srcset=\"https:\/\/dolcevita.motoridilusso.com\/wp-content\/uploads\/2023\/07\/RISTORANTE-1-TERRAZZO--1024x684.jpg 1024w, https:\/\/dolcevita.motoridilusso.com\/wp-content\/uploads\/2023\/07\/RISTORANTE-1-TERRAZZO--300x200.jpg 300w, https:\/\/dolcevita.motoridilusso.com\/wp-content\/uploads\/2023\/07\/RISTORANTE-1-TERRAZZO--768x513.jpg 768w, https:\/\/dolcevita.motoridilusso.com\/wp-content\/uploads\/2023\/07\/RISTORANTE-1-TERRAZZO--1536x1025.jpg 1536w, https:\/\/dolcevita.motoridilusso.com\/wp-content\/uploads\/2023\/07\/RISTORANTE-1-TERRAZZO-.jpg 2000w\" sizes=\"auto, (max-width: 1024px) 100vw, 1024px\" \/><\/figure>\n\n\n\n<figure class=\"wp-block-image size-large\"><img loading=\"lazy\" decoding=\"async\" width=\"1024\" height=\"683\" data-id=\"167\" src=\"https:\/\/dolcevita.motoridilusso.com\/wp-content\/uploads\/2023\/07\/Best-Cars-1-1024x683.jpg\" alt=\"\" class=\"wp-image-167\" srcset=\"https:\/\/dolcevita.motoridilusso.com\/wp-content\/uploads\/2023\/07\/Best-Cars-1-1024x683.jpg 1024w, https:\/\/dolcevita.motoridilusso.com\/wp-content\/uploads\/2023\/07\/Best-Cars-1-300x200.jpg 300w, https:\/\/dolcevita.motoridilusso.com\/wp-content\/uploads\/2023\/07\/Best-Cars-1-768x512.jpg 768w, https:\/\/dolcevita.motoridilusso.com\/wp-content\/uploads\/2023\/07\/Best-Cars-1-1536x1024.jpg 1536w, https:\/\/dolcevita.motoridilusso.com\/wp-content\/uploads\/2023\/07\/Best-Cars-1-2048x1365.jpg 2048w\" sizes=\"auto, (max-width: 1024px) 100vw, 1024px\" \/><\/figure>\n\n\n\n<figure class=\"wp-block-image size-full\"><img loading=\"lazy\" decoding=\"async\" width=\"1024\" height=\"639\" data-id=\"165\" src=\"https:\/\/dolcevita.motoridilusso.com\/wp-content\/uploads\/2023\/07\/Museo-e-Santuario-Ghisallo-museodelghisallo.jpg\" alt=\"\" class=\"wp-image-165\" srcset=\"https:\/\/dolcevita.motoridilusso.com\/wp-content\/uploads\/2023\/07\/Museo-e-Santuario-Ghisallo-museodelghisallo.jpg 1024w, https:\/\/dolcevita.motoridilusso.com\/wp-content\/uploads\/2023\/07\/Museo-e-Santuario-Ghisallo-museodelghisallo-300x187.jpg 300w, https:\/\/dolcevita.motoridilusso.com\/wp-content\/uploads\/2023\/07\/Museo-e-Santuario-Ghisallo-museodelghisallo-768x479.jpg 768w\" sizes=\"auto, (max-width: 1024px) 100vw, 1024px\" \/><\/figure>\n<\/figure>\n<\/div>\n\n\n\n<p><strong>ISCRIZIONE TRAMITE BONIFICO BANCARIO A<\/strong>:<\/p>\n\n\n\n<p><strong>IMPORTO: <\/strong>110 EURO A PERSONA<\/p>\n\n\n\n<p><strong>CAUSALE: <\/strong>ISCRIZIONE DOLCEVITA GT LAKE COMO SETTEMBRE 2023<\/p>\n\n\n\n<p><strong>BENEFICIARIO<\/strong>: A&amp;R MEDIA SERVICES SRLS<\/p>\n\n\n\n<p><strong>IBAN<\/strong>: IT 79 X 02008 10100 000106284160<\/p>\n\n\n\n<h5 class=\"wp-block-heading\">REGISTRAZIONE OBBLIGATORIA PER VALIDAZIONE ISCRIZIONE:<\/h5>\n\n\n\n<p>\ufeff<\/p>\n\n\n<div class=\"wpforms-container wpforms-container-full\" id=\"wpforms-106\"><form id=\"wpforms-form-106\" class=\"wpforms-validate wpforms-form wpforms-ajax-form\" data-formid=\"106\" method=\"post\" enctype=\"multipart\/form-data\" action=\"\/index.php?rest_route=%2Fwp%2Fv2%2Fpages%2F154\" data-token=\"8d9af3ab3c7e791e2553b14d75b4fe88\"><noscript class=\"wpforms-error-noscript\">Abilita JavaScript nel browser per completare questo modulo.<\/noscript><div class=\"wpforms-field-container\"><div id=\"wpforms-106-field_14-container\" class=\"wpforms-field wpforms-field-name\" data-field-id=\"14\"><label class=\"wpforms-field-label\" for=\"wpforms-106-field_14\">Nome <span class=\"wpforms-required-label\">*<\/span><\/label><div class=\"wpforms-field-row wpforms-field-medium\"><div class=\"wpforms-field-row-block wpforms-first wpforms-one-half\"><input type=\"text\" id=\"wpforms-106-field_14\" class=\"wpforms-field-name-first wpforms-field-required\" name=\"wpforms[fields][14][first]\" required><label for=\"wpforms-106-field_14\" class=\"wpforms-field-sublabel after \">Nome<\/label><\/div><div class=\"wpforms-field-row-block wpforms-one-half\"><input type=\"text\" id=\"wpforms-106-field_14-last\" class=\"wpforms-field-name-last wpforms-field-required\" name=\"wpforms[fields][14][last]\" required><label for=\"wpforms-106-field_14-last\" class=\"wpforms-field-sublabel after \">Cognome<\/label><\/div><\/div><\/div><div id=\"wpforms-106-field_16-container\" class=\"wpforms-field wpforms-field-number\" data-field-id=\"16\"><label class=\"wpforms-field-label\" for=\"wpforms-106-field_16\">Telefono <span class=\"wpforms-required-label\">*<\/span><\/label><input type=\"number\" pattern=\"\\d*\" id=\"wpforms-106-field_16\" class=\"wpforms-field-medium wpforms-field-required\" name=\"wpforms[fields][16]\" required><\/div><div id=\"wpforms-106-field_17-container\" class=\"wpforms-field wpforms-field-email\" data-field-id=\"17\"><label class=\"wpforms-field-label\" for=\"wpforms-106-field_17\">Email <span class=\"wpforms-required-label\">*<\/span><\/label><input type=\"email\" id=\"wpforms-106-field_17\" class=\"wpforms-field-medium wpforms-field-required\" name=\"wpforms[fields][17]\" required><\/div><div id=\"wpforms-106-field_19-container\" class=\"wpforms-field wpforms-field-text\" data-field-id=\"19\"><label class=\"wpforms-field-label\" for=\"wpforms-106-field_19\">Luogo di nascita <span class=\"wpforms-required-label\">*<\/span><\/label><input type=\"text\" id=\"wpforms-106-field_19\" class=\"wpforms-field-medium wpforms-field-required\" name=\"wpforms[fields][19]\" required><\/div><div id=\"wpforms-106-field_20-container\" class=\"wpforms-field wpforms-field-text\" data-field-id=\"20\"><label class=\"wpforms-field-label\" for=\"wpforms-106-field_20\">Data di nascita <span class=\"wpforms-required-label\">*<\/span><\/label><input type=\"text\" id=\"wpforms-106-field_20\" class=\"wpforms-field-medium wpforms-field-required\" name=\"wpforms[fields][20]\" required><\/div><div id=\"wpforms-106-field_21-container\" class=\"wpforms-field wpforms-field-text\" data-field-id=\"21\"><label class=\"wpforms-field-label\" for=\"wpforms-106-field_21\">Citt\u00e0 di residenza <span class=\"wpforms-required-label\">*<\/span><\/label><input type=\"text\" id=\"wpforms-106-field_21\" class=\"wpforms-field-medium wpforms-field-required\" name=\"wpforms[fields][21]\" required><\/div><div id=\"wpforms-106-field_22-container\" class=\"wpforms-field wpforms-field-text\" data-field-id=\"22\"><label class=\"wpforms-field-label\" for=\"wpforms-106-field_22\">Indirizzo di residenza  <span class=\"wpforms-required-label\">*<\/span><\/label><input type=\"text\" id=\"wpforms-106-field_22\" class=\"wpforms-field-medium wpforms-field-required\" name=\"wpforms[fields][22]\" required><\/div><div id=\"wpforms-106-field_15-container\" class=\"wpforms-field wpforms-field-name\" data-field-id=\"15\"><label class=\"wpforms-field-label\" for=\"wpforms-106-field_15\">Accompagnatore (eventuale)<\/label><div class=\"wpforms-field-row wpforms-field-medium\"><div class=\"wpforms-field-row-block wpforms-first wpforms-one-half\"><input type=\"text\" id=\"wpforms-106-field_15\" class=\"wpforms-field-name-first\" name=\"wpforms[fields][15][first]\" ><label for=\"wpforms-106-field_15\" class=\"wpforms-field-sublabel after \">Nome<\/label><\/div><div class=\"wpforms-field-row-block wpforms-one-half\"><input type=\"text\" id=\"wpforms-106-field_15-last\" class=\"wpforms-field-name-last\" name=\"wpforms[fields][15][last]\" ><label for=\"wpforms-106-field_15-last\" class=\"wpforms-field-sublabel after \">Cognome<\/label><\/div><\/div><\/div><div id=\"wpforms-106-field_24-container\" class=\"wpforms-field wpforms-field-textarea\" data-field-id=\"24\"><label class=\"wpforms-field-label\" for=\"wpforms-106-field_24\">Eventuali allergie o intolleranze alimentari<\/label><textarea id=\"wpforms-106-field_24\" class=\"wpforms-field-medium\" name=\"wpforms[fields][24]\" ><\/textarea><\/div><div id=\"wpforms-106-field_25-container\" class=\"wpforms-field wpforms-field-radio\" data-field-id=\"25\"><label class=\"wpforms-field-label\" for=\"wpforms-106-field_25\">AUTORIZZA A&amp;R Media Services SRLS, P.Iva 02682710039, con sede in via Morera 11, 28100 Novara alla registrazione, trasmissione e pubblicazione di immagini, audio, video e dichiarazioni proprie ottenute nel contesto di eventi ed iniziative ed alla loro successiva utilizzazione per finalit\u00e0 anche commerciali e di marketing, rinunciando a qualsiasi riconoscimento patrimoniale. <span class=\"wpforms-required-label\">*<\/span><\/label><ul id=\"wpforms-106-field_25\" class=\"wpforms-field-required\"><li class=\"choice-1 depth-1\"><input type=\"radio\" id=\"wpforms-106-field_25_1\" name=\"wpforms[fields][25]\" value=\"Autorizzo\" required ><label class=\"wpforms-field-label-inline\" for=\"wpforms-106-field_25_1\">Autorizzo<\/label><\/li><li class=\"choice-2 depth-1\"><input type=\"radio\" id=\"wpforms-106-field_25_2\" name=\"wpforms[fields][25]\" value=\"Non autorizzo\" required ><label class=\"wpforms-field-label-inline\" for=\"wpforms-106-field_25_2\">Non autorizzo<\/label><\/li><\/ul><\/div><div id=\"wpforms-106-field_26-container\" class=\"wpforms-field wpforms-field-radio\" data-field-id=\"26\"><label class=\"wpforms-field-label\" for=\"wpforms-106-field_26\">AUTORIZZA A&amp;R Media Services SRLS, P.Iva 02682710039, con sede in via Morera 11, 28100 Novara all\u2019utilizzo dei dati forniti e, nello specifico, dell\u2019indirizzo mail e del numero di telefono per finalit\u00e0 commerciali e di marketing per uso diretto. <span class=\"wpforms-required-label\">*<\/span><\/label><ul id=\"wpforms-106-field_26\" class=\"wpforms-field-required\"><li class=\"choice-1 depth-1\"><input type=\"radio\" id=\"wpforms-106-field_26_1\" name=\"wpforms[fields][26]\" value=\"Autorizzo\" required ><label class=\"wpforms-field-label-inline\" for=\"wpforms-106-field_26_1\">Autorizzo<\/label><\/li><li class=\"choice-2 depth-1\"><input type=\"radio\" id=\"wpforms-106-field_26_2\" name=\"wpforms[fields][26]\" value=\"Non autorizzo\" required ><label class=\"wpforms-field-label-inline\" for=\"wpforms-106-field_26_2\">Non autorizzo<\/label><\/li><\/ul><\/div><div id=\"wpforms-106-field_28-container\" class=\"wpforms-field wpforms-field-radio\" data-field-id=\"28\"><label class=\"wpforms-field-label\" for=\"wpforms-106-field_28\">Compilando il presente modulo, si dichiara di aver letto e accettato i termini e le condizioni di trattamento dei dati personali con le modalit\u00e0 e per le finalit\u00e0 indicate nell\u2019Informativa ai sensi dell\u2019art. 13 del Regolamento europeo 679\/2016 GDPR e di prestare il consenso alla loro utilizzazione di aver autorizzato le riprese dell\u2019immagine, del nome e della voce e\/o altri suoni da lui prodotti, nei termini ed alle condizioni di seguito indicati e di assumere la piena responsabilit\u00e0 delle dichiarazioni rese, sollevando A&amp;R Media Services SRLS da qualsiasi pretesa e\/o azione anche di terzi <span class=\"wpforms-required-label\">*<\/span><\/label><ul id=\"wpforms-106-field_28\" class=\"wpforms-field-required\"><li class=\"choice-3 depth-1\"><input type=\"radio\" id=\"wpforms-106-field_28_3\" name=\"wpforms[fields][28]\" value=\"Ho capito\" required ><label class=\"wpforms-field-label-inline\" for=\"wpforms-106-field_28_3\">Ho capito<\/label><\/li><\/ul><\/div><\/div><div class=\"wpforms-submit-container\"><input type=\"hidden\" name=\"wpforms[id]\" value=\"106\"><input type=\"hidden\" name=\"wpforms[author]\" value=\"1\"><button type=\"submit\" name=\"wpforms[submit]\" id=\"wpforms-submit-106\" class=\"wpforms-submit\" data-alt-text=\"Invio in corso...\" data-submit-text=\"Invia\" aria-live=\"assertive\" value=\"wpforms-submit\">Invia<\/button><img loading=\"lazy\" decoding=\"async\" src=\"https:\/\/dolcevita.motoridilusso.com\/wp-content\/plugins\/wpforms-lite\/assets\/images\/submit-spin.svg\" class=\"wpforms-submit-spinner\" style=\"display: none;\" width=\"26\" height=\"26\" alt=\"Caricamento\"><\/div><\/form><\/div>  <!-- .wpforms-container -->","protected":false},"excerpt":{"rendered":"<p>A DAY ON THE LAKE EXPERIENCE Una giornata per ammaliare i cinque sensi. Una giornata dedicata ai possessori di luxury-cars. Un\u2019emozione lunga un viaggio in auto lungo le strade pi\u00f9 scorrevoli e divertenti che dal cuore del glamour di Appiano Gentile si snoderanno verso uno dei punti panoramici pi\u00f9 incantevoli del lago di Como. Il [&hellip;]<\/p>\n","protected":false},"author":1,"featured_media":170,"parent":0,"menu_order":0,"comment_status":"closed","ping_status":"closed","template":"blank","meta":{"footnotes":""},"class_list":["post-154","page","type-page","status-publish","has-post-thumbnail","hentry"],"_links":{"self":[{"href":"https:\/\/dolcevita.motoridilusso.com\/index.php?rest_route=\/wp\/v2\/pages\/154","targetHints":{"allow":["GET"]}}],"collection":[{"href":"https:\/\/dolcevita.motoridilusso.com\/index.php?rest_route=\/wp\/v2\/pages"}],"about":[{"href":"https:\/\/dolcevita.motoridilusso.com\/index.php?rest_route=\/wp\/v2\/types\/page"}],"author":[{"embeddable":true,"href":"https:\/\/dolcevita.motoridilusso.com\/index.php?rest_route=\/wp\/v2\/users\/1"}],"replies":[{"embeddable":true,"href":"https:\/\/dolcevita.motoridilusso.com\/index.php?rest_route=%2Fwp%2Fv2%2Fcomments&post=154"}],"version-history":[{"count":7,"href":"https:\/\/dolcevita.motoridilusso.com\/index.php?rest_route=\/wp\/v2\/pages\/154\/revisions"}],"predecessor-version":[{"id":174,"href":"https:\/\/dolcevita.motoridilusso.com\/index.php?rest_route=\/wp\/v2\/pages\/154\/revisions\/174"}],"wp:featuredmedia":[{"embeddable":true,"href":"https:\/\/dolcevita.motoridilusso.com\/index.php?rest_route=\/wp\/v2\/media\/170"}],"wp:attachment":[{"href":"https:\/\/dolcevita.motoridilusso.com\/index.php?rest_route=%2Fwp%2Fv2%2Fmedia&parent=154"}],"curies":[{"name":"wp","href":"https:\/\/api.w.org\/{rel}","templated":true}]}}